{"id":853,"date":"2023-10-06T08:49:50","date_gmt":"2023-10-06T08:49:50","guid":{"rendered":"http:\/\/2023.villaestera.pl\/?page_id=853"},"modified":"2023-11-30T07:50:35","modified_gmt":"2023-11-30T07:50:35","slug":"bale-imprezy-dla-szkol-warszawa-pruszkow","status":"publish","type":"page","link":"https:\/\/villaestera.pl\/ru\/bale-imprezy-dla-szkol-warszawa-pruszkow\/","title":{"rendered":"\u0411\u0430\u043b\u044b, \u043c\u0435\u0440\u043e\u043f\u0440\u0438\u044f\u0442\u0438\u044f \u0434\u043b\u044f \u0448\u043a\u043e\u043b"},"content":{"rendered":"","protected":false},"excerpt":{"rendered":"","protected":false},"author":1,"featured_media":0,"parent":0,"menu_order":0,"comment_status":"closed","ping_status":"closed","template":"","meta":{"inline_featured_image":false,"footnotes":""},"class_list":["post-853","page","type-page","status-publish","hentry"],"acf":[],"yoast_head":"<!-- This site is optimized with the Yoast SEO plugin v21.5 - https:\/\/yoast.com\/wordpress\/plugins\/seo\/ -->\n<title>Bale, imprezy dla szk\u00f3\u0142 - Villa Estera.pl - Wesela, imprezy firmowe, hotel Micha\u0142owice k. Warszawy<\/title>\n<meta name=\"description\" content=\"Zaplanuj niezapomniane bale i imprezy szkolne w Warszawie i Pruszkowie! Nasza oferta obejmuje kompleksow\u0105 organizacj\u0119 wydarze\u0144, dostosowan\u0105 do unikalnych potrzeb ka\u017cdej szko\u0142y. Z nami ka\u017cda uroczysto\u015b\u0107 stanie si\u0119 wyj\u0105tkowym prze\u017cyciem dla uczni\u00f3w. Posiadamy bogate do\u015bwiadczenie w tworzeniu atmosfery rado\u015bci i zabawy, dbaj\u0105c jednocze\u015bnie o najwy\u017csze standardy bezpiecze\u0144stwa. Niech Wasze bale szkolne stan\u0105 si\u0119 niepowtarzalnym wydarzeniem! Skontaktuj si\u0119 z nami ju\u017c dzi\u015b, aby rozpocz\u0105\u0107 planowanie!\" \/>\n<meta name=\"robots\" content=\"index, follow, max-snippet:-1, max-image-preview:large, max-video-preview:-1\" \/>\n<link rel=\"canonical\" href=\"https:\/\/villaestera.pl\/ru\/bale-imprezy-dla-szkol-warszawa-pruszkow\/\" \/>\n<meta property=\"og:locale\" content=\"ru_RU\" \/>\n<meta property=\"og:type\" content=\"article\" \/>\n<meta property=\"og:title\" content=\"Bale, imprezy dla szk\u00f3\u0142 - Villa Estera.pl - Wesela, imprezy firmowe, hotel Micha\u0142owice k. Warszawy\" \/>\n<meta property=\"og:description\" content=\"Zaplanuj niezapomniane bale i imprezy szkolne w Warszawie i Pruszkowie! Nasza oferta obejmuje kompleksow\u0105 organizacj\u0119 wydarze\u0144, dostosowan\u0105 do unikalnych potrzeb ka\u017cdej szko\u0142y. Z nami ka\u017cda uroczysto\u015b\u0107 stanie si\u0119 wyj\u0105tkowym prze\u017cyciem dla uczni\u00f3w. Posiadamy bogate do\u015bwiadczenie w tworzeniu atmosfery rado\u015bci i zabawy, dbaj\u0105c jednocze\u015bnie o najwy\u017csze standardy bezpiecze\u0144stwa. Niech Wasze bale szkolne stan\u0105 si\u0119 niepowtarzalnym wydarzeniem! Skontaktuj si\u0119 z nami ju\u017c dzi\u015b, aby rozpocz\u0105\u0107 planowanie!\" \/>\n<meta property=\"og:url\" content=\"https:\/\/villaestera.pl\/ru\/bale-imprezy-dla-szkol-warszawa-pruszkow\/\" \/>\n<meta property=\"og:site_name\" content=\"Villa Estera.pl - Wesela, imprezy firmowe, hotel Micha\u0142owice k. Warszawy\" \/>\n<meta property=\"article:modified_time\" content=\"2023-11-30T07:50:35+00:00\" \/>\n<meta name=\"twitter:card\" content=\"summary_large_image\" \/>\n<script type=\"application\/ld+json\" class=\"yoast-schema-graph\">{\"@context\":\"https:\/\/schema.org\",\"@graph\":[{\"@type\":\"WebPage\",\"@id\":\"https:\/\/villaestera.pl\/bale-imprezy-dla-szkol-warszawa-pruszkow\/\",\"url\":\"https:\/\/villaestera.pl\/bale-imprezy-dla-szkol-warszawa-pruszkow\/\",\"name\":\"Bale, imprezy dla szk\u00f3\u0142 - Villa Estera.pl - Wesela, imprezy firmowe, hotel Micha\u0142owice k. Warszawy\",\"isPartOf\":{\"@id\":\"https:\/\/villaestera.pl\/#website\"},\"datePublished\":\"2023-10-06T08:49:50+00:00\",\"dateModified\":\"2023-11-30T07:50:35+00:00\",\"description\":\"Zaplanuj niezapomniane bale i imprezy szkolne w Warszawie i Pruszkowie! Nasza oferta obejmuje kompleksow\u0105 organizacj\u0119 wydarze\u0144, dostosowan\u0105 do unikalnych potrzeb ka\u017cdej szko\u0142y. Z nami ka\u017cda uroczysto\u015b\u0107 stanie si\u0119 wyj\u0105tkowym prze\u017cyciem dla uczni\u00f3w. Posiadamy bogate do\u015bwiadczenie w tworzeniu atmosfery rado\u015bci i zabawy, dbaj\u0105c jednocze\u015bnie o najwy\u017csze standardy bezpiecze\u0144stwa. Niech Wasze bale szkolne stan\u0105 si\u0119 niepowtarzalnym wydarzeniem! Skontaktuj si\u0119 z nami ju\u017c dzi\u015b, aby rozpocz\u0105\u0107 planowanie!\",\"breadcrumb\":{\"@id\":\"https:\/\/villaestera.pl\/bale-imprezy-dla-szkol-warszawa-pruszkow\/#breadcrumb\"},\"inLanguage\":\"ru-RU\",\"potentialAction\":[{\"@type\":\"ReadAction\",\"target\":[\"https:\/\/villaestera.pl\/bale-imprezy-dla-szkol-warszawa-pruszkow\/\"]}]},{\"@type\":\"BreadcrumbList\",\"@id\":\"https:\/\/villaestera.pl\/bale-imprezy-dla-szkol-warszawa-pruszkow\/#breadcrumb\",\"itemListElement\":[{\"@type\":\"ListItem\",\"position\":1,\"name\":\"Strona g\u0142\u00f3wna\",\"item\":\"https:\/\/villaestera.pl\/\"},{\"@type\":\"ListItem\",\"position\":2,\"name\":\"Bale, imprezy dla szk\u00f3\u0142\"}]},{\"@type\":\"WebSite\",\"@id\":\"https:\/\/villaestera.pl\/#website\",\"url\":\"https:\/\/villaestera.pl\/\",\"name\":\"Estera\",\"description\":\"\",\"publisher\":{\"@id\":\"https:\/\/villaestera.pl\/#organization\"},\"potentialAction\":[{\"@type\":\"SearchAction\",\"target\":{\"@type\":\"EntryPoint\",\"urlTemplate\":\"https:\/\/villaestera.pl\/?s={search_term_string}\"},\"query-input\":\"required name=search_term_string\"}],\"inLanguage\":\"ru-RU\"},{\"@type\":\"Organization\",\"@id\":\"https:\/\/villaestera.pl\/#organization\",\"name\":\"Estera\",\"url\":\"https:\/\/villaestera.pl\/\",\"logo\":{\"@type\":\"ImageObject\",\"inLanguage\":\"ru-RU\",\"@id\":\"https:\/\/villaestera.pl\/#\/schema\/logo\/image\/\",\"url\":\"https:\/\/villaestera.pl\/wp-content\/uploads\/2023\/10\/logo1-scaled.jpg\",\"contentUrl\":\"https:\/\/villaestera.pl\/wp-content\/uploads\/2023\/10\/logo1-scaled.jpg\",\"width\":1920,\"height\":1280,\"caption\":\"Estera\"},\"image\":{\"@id\":\"https:\/\/villaestera.pl\/#\/schema\/logo\/image\/\"}}]}<\/script>\n<!-- \/ Yoast SEO plugin. -->","yoast_head_json":{"title":"Bale, imprezy dla szk\u00f3\u0142 - Villa Estera.pl - Wesela, imprezy firmowe, hotel Micha\u0142owice k. Warszawy","description":"Zaplanuj niezapomniane bale i imprezy szkolne w Warszawie i Pruszkowie! Nasza oferta obejmuje kompleksow\u0105 organizacj\u0119 wydarze\u0144, dostosowan\u0105 do unikalnych potrzeb ka\u017cdej szko\u0142y. Z nami ka\u017cda uroczysto\u015b\u0107 stanie si\u0119 wyj\u0105tkowym prze\u017cyciem dla uczni\u00f3w. Posiadamy bogate do\u015bwiadczenie w tworzeniu atmosfery rado\u015bci i zabawy, dbaj\u0105c jednocze\u015bnie o najwy\u017csze standardy bezpiecze\u0144stwa. Niech Wasze bale szkolne stan\u0105 si\u0119 niepowtarzalnym wydarzeniem! Skontaktuj si\u0119 z nami ju\u017c dzi\u015b, aby rozpocz\u0105\u0107 planowanie!","robots":{"index":"index","follow":"follow","max-snippet":"max-snippet:-1","max-image-preview":"max-image-preview:large","max-video-preview":"max-video-preview:-1"},"canonical":"https:\/\/villaestera.pl\/ru\/bale-imprezy-dla-szkol-warszawa-pruszkow\/","og_locale":"ru_RU","og_type":"article","og_title":"Bale, imprezy dla szk\u00f3\u0142 - Villa Estera.pl - Wesela, imprezy firmowe, hotel Micha\u0142owice k. Warszawy","og_description":"Zaplanuj niezapomniane bale i imprezy szkolne w Warszawie i Pruszkowie! Nasza oferta obejmuje kompleksow\u0105 organizacj\u0119 wydarze\u0144, dostosowan\u0105 do unikalnych potrzeb ka\u017cdej szko\u0142y. Z nami ka\u017cda uroczysto\u015b\u0107 stanie si\u0119 wyj\u0105tkowym prze\u017cyciem dla uczni\u00f3w. Posiadamy bogate do\u015bwiadczenie w tworzeniu atmosfery rado\u015bci i zabawy, dbaj\u0105c jednocze\u015bnie o najwy\u017csze standardy bezpiecze\u0144stwa. Niech Wasze bale szkolne stan\u0105 si\u0119 niepowtarzalnym wydarzeniem! Skontaktuj si\u0119 z nami ju\u017c dzi\u015b, aby rozpocz\u0105\u0107 planowanie!","og_url":"https:\/\/villaestera.pl\/ru\/bale-imprezy-dla-szkol-warszawa-pruszkow\/","og_site_name":"Villa Estera.pl - Wesela, imprezy firmowe, hotel Micha\u0142owice k. Warszawy","article_modified_time":"2023-11-30T07:50:35+00:00","twitter_card":"summary_large_image","schema":{"@context":"https:\/\/schema.org","@graph":[{"@type":"WebPage","@id":"https:\/\/villaestera.pl\/bale-imprezy-dla-szkol-warszawa-pruszkow\/","url":"https:\/\/villaestera.pl\/bale-imprezy-dla-szkol-warszawa-pruszkow\/","name":"Bale, imprezy dla szk\u00f3\u0142 - Villa Estera.pl - Wesela, imprezy firmowe, hotel Micha\u0142owice k. Warszawy","isPartOf":{"@id":"https:\/\/villaestera.pl\/#website"},"datePublished":"2023-10-06T08:49:50+00:00","dateModified":"2023-11-30T07:50:35+00:00","description":"Zaplanuj niezapomniane bale i imprezy szkolne w Warszawie i Pruszkowie! Nasza oferta obejmuje kompleksow\u0105 organizacj\u0119 wydarze\u0144, dostosowan\u0105 do unikalnych potrzeb ka\u017cdej szko\u0142y. Z nami ka\u017cda uroczysto\u015b\u0107 stanie si\u0119 wyj\u0105tkowym prze\u017cyciem dla uczni\u00f3w. Posiadamy bogate do\u015bwiadczenie w tworzeniu atmosfery rado\u015bci i zabawy, dbaj\u0105c jednocze\u015bnie o najwy\u017csze standardy bezpiecze\u0144stwa. Niech Wasze bale szkolne stan\u0105 si\u0119 niepowtarzalnym wydarzeniem! Skontaktuj si\u0119 z nami ju\u017c dzi\u015b, aby rozpocz\u0105\u0107 planowanie!","breadcrumb":{"@id":"https:\/\/villaestera.pl\/bale-imprezy-dla-szkol-warszawa-pruszkow\/#breadcrumb"},"inLanguage":"ru-RU","potentialAction":[{"@type":"ReadAction","target":["https:\/\/villaestera.pl\/bale-imprezy-dla-szkol-warszawa-pruszkow\/"]}]},{"@type":"BreadcrumbList","@id":"https:\/\/villaestera.pl\/bale-imprezy-dla-szkol-warszawa-pruszkow\/#breadcrumb","itemListElement":[{"@type":"ListItem","position":1,"name":"Strona g\u0142\u00f3wna","item":"https:\/\/villaestera.pl\/"},{"@type":"ListItem","position":2,"name":"Bale, imprezy dla szk\u00f3\u0142"}]},{"@type":"WebSite","@id":"https:\/\/villaestera.pl\/#website","url":"https:\/\/villaestera.pl\/","name":"Estera","description":"","publisher":{"@id":"https:\/\/villaestera.pl\/#organization"},"potentialAction":[{"@type":"SearchAction","target":{"@type":"EntryPoint","urlTemplate":"https:\/\/villaestera.pl\/?s={search_term_string}"},"query-input":"required name=search_term_string"}],"inLanguage":"ru-RU"},{"@type":"Organization","@id":"https:\/\/villaestera.pl\/#organization","name":"Estera","url":"https:\/\/villaestera.pl\/","logo":{"@type":"ImageObject","inLanguage":"ru-RU","@id":"https:\/\/villaestera.pl\/#\/schema\/logo\/image\/","url":"https:\/\/villaestera.pl\/wp-content\/uploads\/2023\/10\/logo1-scaled.jpg","contentUrl":"https:\/\/villaestera.pl\/wp-content\/uploads\/2023\/10\/logo1-scaled.jpg","width":1920,"height":1280,"caption":"Estera"},"image":{"@id":"https:\/\/villaestera.pl\/#\/schema\/logo\/image\/"}}]}},"_links":{"self":[{"href":"https:\/\/villaestera.pl\/ru\/wp-json\/wp\/v2\/pages\/853","targetHints":{"allow":["GET"]}}],"collection":[{"href":"https:\/\/villaestera.pl\/ru\/wp-json\/wp\/v2\/pages"}],"about":[{"href":"https:\/\/villaestera.pl\/ru\/wp-json\/wp\/v2\/types\/page"}],"author":[{"embeddable":true,"href":"https:\/\/villaestera.pl\/ru\/wp-json\/wp\/v2\/users\/1"}],"replies":[{"embeddable":true,"href":"https:\/\/villaestera.pl\/ru\/wp-json\/wp\/v2\/comments?post=853"}],"version-history":[{"count":0,"href":"https:\/\/villaestera.pl\/ru\/wp-json\/wp\/v2\/pages\/853\/revisions"}],"wp:attachment":[{"href":"https:\/\/villaestera.pl\/ru\/wp-json\/wp\/v2\/media?parent=853"}],"curies":[{"name":"wp","href":"https:\/\/api.w.org\/{rel}","templated":true}]}}