{"id":570,"date":"2023-10-02T12:34:48","date_gmt":"2023-10-02T12:34:48","guid":{"rendered":"http:\/\/2023.villaestera.pl\/?page_id=570"},"modified":"2023-11-30T07:53:28","modified_gmt":"2023-11-30T07:53:28","slug":"eleganckie-wesela-warszawa-pruszkow","status":"publish","type":"page","link":"http:\/\/villaestera.pl\/ru\/eleganckie-wesela-warszawa-pruszkow\/","title":{"rendered":"\u042d\u043b\u0435\u0433\u0430\u043d\u0442\u043d\u044b\u0435 \u0441\u0432\u0430\u0434\u044c\u0431\u044b"},"content":{"rendered":"","protected":false},"excerpt":{"rendered":"","protected":false},"author":1,"featured_media":0,"parent":0,"menu_order":0,"comment_status":"closed","ping_status":"closed","template":"","meta":{"inline_featured_image":false,"footnotes":""},"class_list":["post-570","page","type-page","status-publish","hentry"],"acf":[],"yoast_head":"<!-- This site is optimized with the Yoast SEO plugin v21.5 - https:\/\/yoast.com\/wordpress\/plugins\/seo\/ -->\n<title>Eleganckie wesela - Villa Estera.pl - Wesela, imprezy firmowe, hotel Micha\u0142owice k. Warszawy<\/title>\n<meta name=\"description\" content=\"W Villa Estera zajmujemy si\u0119 organizowaniem przyj\u0119\u0107 weselnych od wielu lat.Ka\u017cde z przyj\u0119\u0107 traktujemy wyj\u0105tkowo \u2013 tak, jakby to by\u0142o nasze w\u0142asne przyj\u0119cie weselne, ka\u017cde Wasze wesele jest naszym pierwszym. Przywi\u0105zujemy ogromn\u0105 wag\u0119 do szczeg\u00f3\u0142\u00f3w, kt\u00f3re stawiaj\u0105 tzw. kropk\u0119 nad \u201di\u201d. Pi\u0119kne eleganckie wn\u0119trza, wystr\u00f3j, kwiaty, \u015bwiece, ka\u017cdy najdrobniejszy detal wp\u0142ywa na klimat i atmosfer\u0119.\" \/>\n<meta name=\"robots\" content=\"index, follow, max-snippet:-1, max-image-preview:large, max-video-preview:-1\" \/>\n<link rel=\"canonical\" href=\"http:\/\/villaestera.pl\/ru\/eleganckie-wesela-warszawa-pruszkow\/\" \/>\n<meta property=\"og:locale\" content=\"ru_RU\" \/>\n<meta property=\"og:type\" content=\"article\" \/>\n<meta property=\"og:title\" content=\"Eleganckie wesela - Villa Estera.pl - Wesela, imprezy firmowe, hotel Micha\u0142owice k. Warszawy\" \/>\n<meta property=\"og:description\" content=\"W Villa Estera zajmujemy si\u0119 organizowaniem przyj\u0119\u0107 weselnych od wielu lat.Ka\u017cde z przyj\u0119\u0107 traktujemy wyj\u0105tkowo \u2013 tak, jakby to by\u0142o nasze w\u0142asne przyj\u0119cie weselne, ka\u017cde Wasze wesele jest naszym pierwszym. Przywi\u0105zujemy ogromn\u0105 wag\u0119 do szczeg\u00f3\u0142\u00f3w, kt\u00f3re stawiaj\u0105 tzw. kropk\u0119 nad \u201di\u201d. Pi\u0119kne eleganckie wn\u0119trza, wystr\u00f3j, kwiaty, \u015bwiece, ka\u017cdy najdrobniejszy detal wp\u0142ywa na klimat i atmosfer\u0119.\" \/>\n<meta property=\"og:url\" content=\"http:\/\/villaestera.pl\/ru\/eleganckie-wesela-warszawa-pruszkow\/\" \/>\n<meta property=\"og:site_name\" content=\"Villa Estera.pl - Wesela, imprezy firmowe, hotel Micha\u0142owice k. Warszawy\" \/>\n<meta property=\"article:modified_time\" content=\"2023-11-30T07:53:28+00:00\" \/>\n<meta name=\"twitter:card\" content=\"summary_large_image\" \/>\n<script type=\"application\/ld+json\" class=\"yoast-schema-graph\">{\"@context\":\"https:\/\/schema.org\",\"@graph\":[{\"@type\":\"WebPage\",\"@id\":\"https:\/\/villaestera.pl\/eleganckie-wesela-warszawa-pruszkow\/\",\"url\":\"https:\/\/villaestera.pl\/eleganckie-wesela-warszawa-pruszkow\/\",\"name\":\"Eleganckie wesela - Villa Estera.pl - Wesela, imprezy firmowe, hotel Micha\u0142owice k. Warszawy\",\"isPartOf\":{\"@id\":\"https:\/\/villaestera.pl\/#website\"},\"datePublished\":\"2023-10-02T12:34:48+00:00\",\"dateModified\":\"2023-11-30T07:53:28+00:00\",\"description\":\"W Villa Estera zajmujemy si\u0119 organizowaniem przyj\u0119\u0107 weselnych od wielu lat.Ka\u017cde z przyj\u0119\u0107 traktujemy wyj\u0105tkowo \u2013 tak, jakby to by\u0142o nasze w\u0142asne przyj\u0119cie weselne, ka\u017cde Wasze wesele jest naszym pierwszym. Przywi\u0105zujemy ogromn\u0105 wag\u0119 do szczeg\u00f3\u0142\u00f3w, kt\u00f3re stawiaj\u0105 tzw. kropk\u0119 nad \u201di\u201d. Pi\u0119kne eleganckie wn\u0119trza, wystr\u00f3j, kwiaty, \u015bwiece, ka\u017cdy najdrobniejszy detal wp\u0142ywa na klimat i atmosfer\u0119.\",\"breadcrumb\":{\"@id\":\"https:\/\/villaestera.pl\/eleganckie-wesela-warszawa-pruszkow\/#breadcrumb\"},\"inLanguage\":\"ru-RU\",\"potentialAction\":[{\"@type\":\"ReadAction\",\"target\":[\"https:\/\/villaestera.pl\/eleganckie-wesela-warszawa-pruszkow\/\"]}]},{\"@type\":\"BreadcrumbList\",\"@id\":\"https:\/\/villaestera.pl\/eleganckie-wesela-warszawa-pruszkow\/#breadcrumb\",\"itemListElement\":[{\"@type\":\"ListItem\",\"position\":1,\"name\":\"Strona g\u0142\u00f3wna\",\"item\":\"https:\/\/villaestera.pl\/\"},{\"@type\":\"ListItem\",\"position\":2,\"name\":\"Eleganckie wesela\"}]},{\"@type\":\"WebSite\",\"@id\":\"https:\/\/villaestera.pl\/#website\",\"url\":\"https:\/\/villaestera.pl\/\",\"name\":\"Estera\",\"description\":\"\",\"publisher\":{\"@id\":\"https:\/\/villaestera.pl\/#organization\"},\"potentialAction\":[{\"@type\":\"SearchAction\",\"target\":{\"@type\":\"EntryPoint\",\"urlTemplate\":\"https:\/\/villaestera.pl\/?s={search_term_string}\"},\"query-input\":\"required name=search_term_string\"}],\"inLanguage\":\"ru-RU\"},{\"@type\":\"Organization\",\"@id\":\"https:\/\/villaestera.pl\/#organization\",\"name\":\"Estera\",\"url\":\"https:\/\/villaestera.pl\/\",\"logo\":{\"@type\":\"ImageObject\",\"inLanguage\":\"ru-RU\",\"@id\":\"https:\/\/villaestera.pl\/#\/schema\/logo\/image\/\",\"url\":\"https:\/\/villaestera.pl\/wp-content\/uploads\/2023\/10\/logo1-scaled.jpg\",\"contentUrl\":\"https:\/\/villaestera.pl\/wp-content\/uploads\/2023\/10\/logo1-scaled.jpg\",\"width\":1920,\"height\":1280,\"caption\":\"Estera\"},\"image\":{\"@id\":\"https:\/\/villaestera.pl\/#\/schema\/logo\/image\/\"}}]}<\/script>\n<!-- \/ Yoast SEO plugin. -->","yoast_head_json":{"title":"Eleganckie wesela - Villa Estera.pl - Wesela, imprezy firmowe, hotel Micha\u0142owice k. Warszawy","description":"W Villa Estera zajmujemy si\u0119 organizowaniem przyj\u0119\u0107 weselnych od wielu lat.Ka\u017cde z przyj\u0119\u0107 traktujemy wyj\u0105tkowo \u2013 tak, jakby to by\u0142o nasze w\u0142asne przyj\u0119cie weselne, ka\u017cde Wasze wesele jest naszym pierwszym. Przywi\u0105zujemy ogromn\u0105 wag\u0119 do szczeg\u00f3\u0142\u00f3w, kt\u00f3re stawiaj\u0105 tzw. kropk\u0119 nad \u201di\u201d. Pi\u0119kne eleganckie wn\u0119trza, wystr\u00f3j, kwiaty, \u015bwiece, ka\u017cdy najdrobniejszy detal wp\u0142ywa na klimat i atmosfer\u0119.","robots":{"index":"index","follow":"follow","max-snippet":"max-snippet:-1","max-image-preview":"max-image-preview:large","max-video-preview":"max-video-preview:-1"},"canonical":"http:\/\/villaestera.pl\/ru\/eleganckie-wesela-warszawa-pruszkow\/","og_locale":"ru_RU","og_type":"article","og_title":"Eleganckie wesela - Villa Estera.pl - Wesela, imprezy firmowe, hotel Micha\u0142owice k. Warszawy","og_description":"W Villa Estera zajmujemy si\u0119 organizowaniem przyj\u0119\u0107 weselnych od wielu lat.Ka\u017cde z przyj\u0119\u0107 traktujemy wyj\u0105tkowo \u2013 tak, jakby to by\u0142o nasze w\u0142asne przyj\u0119cie weselne, ka\u017cde Wasze wesele jest naszym pierwszym. Przywi\u0105zujemy ogromn\u0105 wag\u0119 do szczeg\u00f3\u0142\u00f3w, kt\u00f3re stawiaj\u0105 tzw. kropk\u0119 nad \u201di\u201d. Pi\u0119kne eleganckie wn\u0119trza, wystr\u00f3j, kwiaty, \u015bwiece, ka\u017cdy najdrobniejszy detal wp\u0142ywa na klimat i atmosfer\u0119.","og_url":"http:\/\/villaestera.pl\/ru\/eleganckie-wesela-warszawa-pruszkow\/","og_site_name":"Villa Estera.pl - Wesela, imprezy firmowe, hotel Micha\u0142owice k. Warszawy","article_modified_time":"2023-11-30T07:53:28+00:00","twitter_card":"summary_large_image","schema":{"@context":"https:\/\/schema.org","@graph":[{"@type":"WebPage","@id":"https:\/\/villaestera.pl\/eleganckie-wesela-warszawa-pruszkow\/","url":"https:\/\/villaestera.pl\/eleganckie-wesela-warszawa-pruszkow\/","name":"Eleganckie wesela - Villa Estera.pl - Wesela, imprezy firmowe, hotel Micha\u0142owice k. Warszawy","isPartOf":{"@id":"https:\/\/villaestera.pl\/#website"},"datePublished":"2023-10-02T12:34:48+00:00","dateModified":"2023-11-30T07:53:28+00:00","description":"W Villa Estera zajmujemy si\u0119 organizowaniem przyj\u0119\u0107 weselnych od wielu lat.Ka\u017cde z przyj\u0119\u0107 traktujemy wyj\u0105tkowo \u2013 tak, jakby to by\u0142o nasze w\u0142asne przyj\u0119cie weselne, ka\u017cde Wasze wesele jest naszym pierwszym. Przywi\u0105zujemy ogromn\u0105 wag\u0119 do szczeg\u00f3\u0142\u00f3w, kt\u00f3re stawiaj\u0105 tzw. kropk\u0119 nad \u201di\u201d. Pi\u0119kne eleganckie wn\u0119trza, wystr\u00f3j, kwiaty, \u015bwiece, ka\u017cdy najdrobniejszy detal wp\u0142ywa na klimat i atmosfer\u0119.","breadcrumb":{"@id":"https:\/\/villaestera.pl\/eleganckie-wesela-warszawa-pruszkow\/#breadcrumb"},"inLanguage":"ru-RU","potentialAction":[{"@type":"ReadAction","target":["https:\/\/villaestera.pl\/eleganckie-wesela-warszawa-pruszkow\/"]}]},{"@type":"BreadcrumbList","@id":"https:\/\/villaestera.pl\/eleganckie-wesela-warszawa-pruszkow\/#breadcrumb","itemListElement":[{"@type":"ListItem","position":1,"name":"Strona g\u0142\u00f3wna","item":"https:\/\/villaestera.pl\/"},{"@type":"ListItem","position":2,"name":"Eleganckie wesela"}]},{"@type":"WebSite","@id":"https:\/\/villaestera.pl\/#website","url":"https:\/\/villaestera.pl\/","name":"Estera","description":"","publisher":{"@id":"https:\/\/villaestera.pl\/#organization"},"potentialAction":[{"@type":"SearchAction","target":{"@type":"EntryPoint","urlTemplate":"https:\/\/villaestera.pl\/?s={search_term_string}"},"query-input":"required name=search_term_string"}],"inLanguage":"ru-RU"},{"@type":"Organization","@id":"https:\/\/villaestera.pl\/#organization","name":"Estera","url":"https:\/\/villaestera.pl\/","logo":{"@type":"ImageObject","inLanguage":"ru-RU","@id":"https:\/\/villaestera.pl\/#\/schema\/logo\/image\/","url":"https:\/\/villaestera.pl\/wp-content\/uploads\/2023\/10\/logo1-scaled.jpg","contentUrl":"https:\/\/villaestera.pl\/wp-content\/uploads\/2023\/10\/logo1-scaled.jpg","width":1920,"height":1280,"caption":"Estera"},"image":{"@id":"https:\/\/villaestera.pl\/#\/schema\/logo\/image\/"}}]}},"_links":{"self":[{"href":"http:\/\/villaestera.pl\/ru\/wp-json\/wp\/v2\/pages\/570","targetHints":{"allow":["GET"]}}],"collection":[{"href":"http:\/\/villaestera.pl\/ru\/wp-json\/wp\/v2\/pages"}],"about":[{"href":"http:\/\/villaestera.pl\/ru\/wp-json\/wp\/v2\/types\/page"}],"author":[{"embeddable":true,"href":"http:\/\/villaestera.pl\/ru\/wp-json\/wp\/v2\/users\/1"}],"replies":[{"embeddable":true,"href":"http:\/\/villaestera.pl\/ru\/wp-json\/wp\/v2\/comments?post=570"}],"version-history":[{"count":0,"href":"http:\/\/villaestera.pl\/ru\/wp-json\/wp\/v2\/pages\/570\/revisions"}],"wp:attachment":[{"href":"http:\/\/villaestera.pl\/ru\/wp-json\/wp\/v2\/media?parent=570"}],"curies":[{"name":"wp","href":"https:\/\/api.w.org\/{rel}","templated":true}]}}